{"id":1947,"date":"2025-07-16T10:24:45","date_gmt":"2025-07-16T14:24:45","guid":{"rendered":"https:\/\/forms.csi.ca\/?page_id=1947"},"modified":"2025-07-16T10:30:29","modified_gmt":"2025-07-16T14:30:29","slug":"cifc-confirmation-page-form-received-for-exemption-request-french","status":"publish","type":"page","link":"https:\/\/forms.csi.ca\/?page_id=1947","title":{"rendered":"CIFC Confirmation Page &#8211; Form Received (for Exemption Request) French"},"content":{"rendered":"<p>Merci d&#8217;avoir soumis votre demande. Pour compl\u00e9ter cette demande, vous devez cr\u00e9er un profil.<\/p>\n<p>Veuillez s\u00e9lectionner le bouton \u00ab Cr\u00e9er un profil \u00bb ci-dessous.<\/p>\n<form action=\"https:\/\/www.csi.ca\/student\/shoppingCart.do?lang=fr_ca\" method=\"POST\" name=\"cartForm\"><input id=\"cart_action\" name=\"cart_action\" type=\"hidden\" value=\"add\" \/><input id=\"action_mode\" name=\"action_mode\" type=\"hidden\" value=\"multiple\" \/><input name=\"csrfToken\" type=\"hidden\" value=\"\" \/><input name=\"previous_page\" type=\"hidden\" value=\"https:\/\/forms.csi.ca\" \/><input name=\"product_ids\" type=\"hidden\" value=\"\" \/><button class=\"wpforms-submit\" type=\"submit\">Cr\u00e9er un profil<\/button><\/form>\n\n\n<script src=\"https:\/\/ajax.googleapis.com\/ajax\/libs\/jquery\/3.6.0\/jquery.min.js\"><\/script>\n<script>\n$.urlParam = function(name){\n\tvar results = new RegExp('[?&]' + name + '=([^&#]*)').exec(window.location.href);\n\treturn results[1] || 0;\n};\nvar product_id = $.urlParam('product');\nvar form_title = decodeURIComponent($.urlParam('form'));\nvar page = $.urlParam('page_id');\n$(\"input[name=product_ids]\").val(product_id); \nvar billing = sessionStorage.getItem(\"corpBilling\");\nvar orgID = sessionStorage.getItem(\"corpOrgID\");\nif ((billing==0)||(billing==null)||(billing==\"false\")){ \n\n}else{\n\n$( \"form[name=cartForm]\" ).attr('name', 'jumpSiteForm');\n   \n$( \"form[name=jumpSiteForm]\" ).append( '<input name=\"orgAccount\" type=\"hidden\" value=\"\"><input value=\"sjp:csiforms\" name=\"orderSource\" type=\"hidden\"\/><input value=\"false\" name=\"isMultiple\" type=\"hidden\"\/><input value=\"0\" name=\"autoApproved\" type=\"hidden\"\/><input value=\"false\" name=\"showPrice\" type=\"hidden\"\/><input name=\"previousPage\" type=\"hidden\" value=\"https:\/\/forms.csi.ca\"><input name=\"previous_product_page\" type=\"hidden\" value=\"https:\/\/forms.csi.ca\"><input type=\"hidden\" name=\"nextPage\" value=\"\"\/><input type=\"hidden\" name=\"productID\"\/> ');\n \n\n \nvar productID = $('form[name=\"jumpSiteForm\"]').find('input[name=\"product_ids\"]').val();\n\n$('form[name=\"jumpSiteForm\"]').find('input[name=\"productID\"]').val(productID);\n \n$(\"input[name=orgAccount]\").val(orgID+ \",\"+ billing); \n\n$(\"form[name=jumpSiteForm]\").attr('action', 'https:\/\/www.csi.ca\/student\/jumpSite.do');\n\n$(\"form[name=jumpSiteForm]\").attr('rel', 'noopener, noreferrer'); \n\n\n\n}\n$( \"h1\" ).replaceWith( \"<h1>Vous devez cr\u00e9er un profil pour continuer avec votre \" + form_title + \"<\/h1>\" );\n$( \"span\" ).append( form_title );\n\n\/*$( document ).ready(function() {\n    \n$.ajax({\n   url: 'https:\/\/www.csi.ca\/student\/getCSRF.do',\n   xhrFields: {\n      withCredentials: true\n   },\n   success: function( data ) {\n  $( \"[name=csrfToken]\" ).val( data );\n}\n});\n    });*\/\n<\/script>\n","protected":false},"excerpt":{"rendered":"<p>Merci d&#8217;avoir soumis votre demande. Pour compl\u00e9ter cette demande, vous devez cr\u00e9er un profil. Veuillez s\u00e9lectionner le bouton \u00ab Cr\u00e9er un profil \u00bb ci-dessous. Cr\u00e9er un profil<\/p>\n","protected":false},"author":7,"featured_media":0,"parent":0,"menu_order":0,"comment_status":"closed","ping_status":"closed","template":"","meta":{"_acf_changed":false,"inline_featured_image":false,"footnotes":""},"class_list":["post-1947","page","type-page","status-publish","hentry"],"acf":[],"_links":{"self":[{"href":"https:\/\/forms.csi.ca\/index.php?rest_route=\/wp\/v2\/pages\/1947","targetHints":{"allow":["GET"]}}],"collection":[{"href":"https:\/\/forms.csi.ca\/index.php?rest_route=\/wp\/v2\/pages"}],"about":[{"href":"https:\/\/forms.csi.ca\/index.php?rest_route=\/wp\/v2\/types\/page"}],"author":[{"embeddable":true,"href":"https:\/\/forms.csi.ca\/index.php?rest_route=\/wp\/v2\/users\/7"}],"replies":[{"embeddable":true,"href":"https:\/\/forms.csi.ca\/index.php?rest_route=%2Fwp%2Fv2%2Fcomments&post=1947"}],"version-history":[{"count":0,"href":"https:\/\/forms.csi.ca\/index.php?rest_route=\/wp\/v2\/pages\/1947\/revisions"}],"wp:attachment":[{"href":"https:\/\/forms.csi.ca\/index.php?rest_route=%2Fwp%2Fv2%2Fmedia&parent=1947"}],"curies":[{"name":"wp","href":"https:\/\/api.w.org\/{rel}","templated":true}]}}